{"id":38,"date":"2017-10-25T16:55:44","date_gmt":"2017-10-25T18:55:44","guid":{"rendered":"http:\/\/ilharedonda.com.br\/site\/?page_id=38"},"modified":"2026-04-06T13:40:01","modified_gmt":"2026-04-06T16:40:01","slug":"estrutura","status":"publish","type":"page","link":"http:\/\/ilharedonda.com.br\/site\/estrutura\/","title":{"rendered":"Estrutura"},"content":{"rendered":"<p>1 Pr\u00e9dio constru\u00eddo nos anos 50 onde funciona a recep\u00e7\u00e3o, loja, vesti\u00e1rios e sanit\u00e1rios, 3 banheiras de hidromassagem, 2 banheiras de imers\u00e3o, guarda volumes e torneiras onde o visitante pode beber e levar \u00e1gua termal mineral direto da fonte; Uma lanchonete com capacidade em \u00e1rea coberta para 100 pessoas que atende o ano todo no mesmo hor\u00e1rio de banhos com card\u00e1pio (past\u00e9is, torrada, por\u00e7\u00f5es, bebidas e sorvetes), TV SMART 42 pol c\/SKY ; Uma \u00e1rea com sombra para chimarr\u00e3o, atualmente com acesso free; 3 conjuntos de vesti\u00e1rios\/sanit\u00e1rios localizados pr\u00f3ximos as piscinas e lanchonete; 01 chuveir\u00e3o de 13&#215;6 m semicoberto; 01 piscina p\/adultos coberta 17&#215;9 e 02 piscinas p\/crian\u00e7as cobertas de 4&#215;5 (todas abastecidas com pura \u00e1gua termal mineral direto da fonte sem tratamento qu\u00edmico \u2013 troca da \u00e1gua e limpeza di\u00e1ria das piscinas); 01 piscina p\/adultos coberta 17&#215;8,5m com tratamento\/filtro; 01 piscina ol\u00edmpica aberta 20x50m com \u00e1gua tratada (limpeza semanal); 01 tobog\u00e3 de 27 m com piscina 4x11m e piscina infantil com escorregador (\u00e1gua tratada\/filtro). Mais de 450m\u00b2 de \u00e1rea para banho de sol e em torno de 650m\u00b2 de \u00e1rea com sombra junto as piscinas. OBS.: Todo o complexo de piscinas e banheiras \u00e9 abastecido por um po\u00e7o artesiano jorrante de 150 m de profundidade que fornece 27 mil litros\/hora de \u00e1gua termo mineral \u00e0 37,7\u00baC. sendo o PH de 8,66. CLASSIFICA\u00c7\u00c3O DA \u00c1GUA: \u00c1gua Mineral Alcalino-Bicarbonatada, Sulfatada, Fluoretada, Litinada, Sulfurosa na Fonte e Isotermal na Fonte. (Atende os crit\u00e9rios legais de ingest\u00e3o humana, cf. RDC ANVISA 274\/05 E 275\/05 E cf. AN\u00c1LISE DO LAMIN).AS \u00c1GUAS TERMAIS DE ILHA REDONDA S\u00c3O CONSIDERADAS ENTRE AS MELHORES DO BRASIL..<\/p>\n<p>Nosso Diferencial<\/p>\n<p>Localizado pr\u00f3ximo \u00e0s margens do Rio Uruguai como atrativo natural para pesca e esportes n\u00e1uticos, rodeado por uma natureza de gramados bem aparados e muita sombra, o Balne\u00e1rio \u00e9 conhecido como sendo um lugar tranquilo onde o visitante pode realmente descansar e ter seu lazer em contato com a natureza local e usufruir das preciosas \u00e1guas termais minerais \u00e0 37,7\u00baC na fonte que proporcionam muitos benef\u00edcios para sa\u00fade humana.<br \/>\nAtendemos aos visitantes o ano todo em 2 turnos(08:00 as 12:00 e 13:30 as 18:00 horas) estendendo-se na alta temporada o turno da tarde at\u00e9 as 20:00 horas<\/p>\n","protected":false},"excerpt":{"rendered":"<p>1 Pr\u00e9dio constru\u00eddo nos anos 50 onde funciona a recep\u00e7\u00e3o, loja, vesti\u00e1rios e sanit\u00e1rios, 3 banheiras de hidromassagem, 2 banheiras de imers\u00e3o, guarda volumes e torneiras onde o visitante pode beber e levar \u00e1gua termal mineral direto da fonte; Uma<\/p>\n","protected":false},"author":1,"featured_media":0,"parent":0,"menu_order":0,"comment_status":"closed","ping_status":"closed","template":"","meta":[],"_links":{"self":[{"href":"http:\/\/ilharedonda.com.br\/site\/wp-json\/wp\/v2\/pages\/38"}],"collection":[{"href":"http:\/\/ilharedonda.com.br\/site\/wp-json\/wp\/v2\/pages"}],"about":[{"href":"http:\/\/ilharedonda.com.br\/site\/wp-json\/wp\/v2\/types\/page"}],"author":[{"embeddable":true,"href":"http:\/\/ilharedonda.com.br\/site\/wp-json\/wp\/v2\/users\/1"}],"replies":[{"embeddable":true,"href":"http:\/\/ilharedonda.com.br\/site\/wp-json\/wp\/v2\/comments?post=38"}],"version-history":[{"count":6,"href":"http:\/\/ilharedonda.com.br\/site\/wp-json\/wp\/v2\/pages\/38\/revisions"}],"predecessor-version":[{"id":753,"href":"http:\/\/ilharedonda.com.br\/site\/wp-json\/wp\/v2\/pages\/38\/revisions\/753"}],"wp:attachment":[{"href":"http:\/\/ilharedonda.com.br\/site\/wp-json\/wp\/v2\/media?parent=38"}],"curies":[{"name":"wp","href":"https:\/\/api.w.org\/{rel}","templated":true}]}}