{"id":40,"date":"2017-10-25T16:57:17","date_gmt":"2017-10-25T18:57:17","guid":{"rendered":"http:\/\/ilharedonda.com.br\/site\/?page_id=40"},"modified":"2023-02-10T16:39:13","modified_gmt":"2023-02-10T19:39:13","slug":"hospedagem","status":"publish","type":"page","link":"http:\/\/ilharedonda.com.br\/site\/hospedagem\/","title":{"rendered":"Hospedagem"},"content":{"rendered":"<p><a href=\"http:\/\/www.locaveraneio.com\/\" target=\"_blank\" rel=\"noopener\"><img loading=\"lazy\" class=\"alignnone wp-image-41 size-full\" src=\"http:\/\/ilharedonda.com.br\/site\/wp-content\/uploads\/2017\/10\/locaveraneio.png\" alt=\"\" width=\"1256\" height=\"146\" srcset=\"http:\/\/ilharedonda.com.br\/site\/wp-content\/uploads\/2017\/10\/locaveraneio.png 1256w, http:\/\/ilharedonda.com.br\/site\/wp-content\/uploads\/2017\/10\/locaveraneio-300x35.png 300w, http:\/\/ilharedonda.com.br\/site\/wp-content\/uploads\/2017\/10\/locaveraneio-768x89.png 768w, http:\/\/ilharedonda.com.br\/site\/wp-content\/uploads\/2017\/10\/locaveraneio-1024x119.png 1024w\" sizes=\"(max-width: 1256px) 100vw, 1256px\" \/><\/a><\/p>\n<p>Hot\u00e9is\/Pousadas\/Restaurante:<\/p>\n<p>Grande Hotel Ilha \u2013 49 3647.7190, 49 3647.7191. (49) 9-98060807 Site: www.grandehotelilha.com.br.<\/p>\n<p>Pousada Recanto da Ilha Redonda 49 3647.7020 (49)\u00a0<img loading=\"lazy\" class=\"alignnone wp-image-370\" src=\"http:\/\/ilharedonda.com.br\/site\/wp-content\/uploads\/2017\/10\/whatsapp-150x150.png\" alt=\"\" width=\"21\" height=\"21\" srcset=\"http:\/\/ilharedonda.com.br\/site\/wp-content\/uploads\/2017\/10\/whatsapp-150x150.png 150w, http:\/\/ilharedonda.com.br\/site\/wp-content\/uploads\/2017\/10\/whatsapp-300x300.png 300w, http:\/\/ilharedonda.com.br\/site\/wp-content\/uploads\/2017\/10\/whatsapp-768x768.png 768w, http:\/\/ilharedonda.com.br\/site\/wp-content\/uploads\/2017\/10\/whatsapp-1024x1024.png 1024w, http:\/\/ilharedonda.com.br\/site\/wp-content\/uploads\/2017\/10\/whatsapp-270x270.png 270w, http:\/\/ilharedonda.com.br\/site\/wp-content\/uploads\/2017\/10\/whatsapp-230x230.png 230w, http:\/\/ilharedonda.com.br\/site\/wp-content\/uploads\/2017\/10\/whatsapp.png 1600w\" sizes=\"(max-width: 21px) 100vw, 21px\" \/>(49) 9-99160807<br \/>Fica \u00e0s margens do Rio Uruguai \u00e0 350 metros das piscinas. Site: www.recantodailharedonda.com.br.<\/p>\n<p>Hotel Brasil Village 49 3647.1459, 49 3199.5192\u00a0<img loading=\"lazy\" class=\"alignnone wp-image-370\" src=\"http:\/\/ilharedonda.com.br\/site\/wp-content\/uploads\/2017\/10\/whatsapp-150x150.png\" alt=\"\" width=\"21\" height=\"21\" srcset=\"http:\/\/ilharedonda.com.br\/site\/wp-content\/uploads\/2017\/10\/whatsapp-150x150.png 150w, http:\/\/ilharedonda.com.br\/site\/wp-content\/uploads\/2017\/10\/whatsapp-300x300.png 300w, http:\/\/ilharedonda.com.br\/site\/wp-content\/uploads\/2017\/10\/whatsapp-768x768.png 768w, http:\/\/ilharedonda.com.br\/site\/wp-content\/uploads\/2017\/10\/whatsapp-1024x1024.png 1024w, http:\/\/ilharedonda.com.br\/site\/wp-content\/uploads\/2017\/10\/whatsapp-270x270.png 270w, http:\/\/ilharedonda.com.br\/site\/wp-content\/uploads\/2017\/10\/whatsapp-230x230.png 230w, http:\/\/ilharedonda.com.br\/site\/wp-content\/uploads\/2017\/10\/whatsapp.png 1600w\" sizes=\"(max-width: 21px) 100vw, 21px\" \/>(49) 9-88258827 &#8211; Com Deise.<br \/>Fica \u00e0 180 metros das piscinas. \u00c9 o hotel das Cabanas. Site: www.hotelbrasilvillage.com.br.<\/p>\n<p>Restaurante Hotel Brasil Village \u2013 49 3647.1459, 49 3199.5192\u00a0<img loading=\"lazy\" class=\"alignnone wp-image-370\" src=\"http:\/\/ilharedonda.com.br\/site\/wp-content\/uploads\/2017\/10\/whatsapp-150x150.png\" alt=\"\" width=\"21\" height=\"21\" srcset=\"http:\/\/ilharedonda.com.br\/site\/wp-content\/uploads\/2017\/10\/whatsapp-150x150.png 150w, http:\/\/ilharedonda.com.br\/site\/wp-content\/uploads\/2017\/10\/whatsapp-300x300.png 300w, http:\/\/ilharedonda.com.br\/site\/wp-content\/uploads\/2017\/10\/whatsapp-768x768.png 768w, http:\/\/ilharedonda.com.br\/site\/wp-content\/uploads\/2017\/10\/whatsapp-1024x1024.png 1024w, http:\/\/ilharedonda.com.br\/site\/wp-content\/uploads\/2017\/10\/whatsapp-270x270.png 270w, http:\/\/ilharedonda.com.br\/site\/wp-content\/uploads\/2017\/10\/whatsapp-230x230.png 230w, http:\/\/ilharedonda.com.br\/site\/wp-content\/uploads\/2017\/10\/whatsapp.png 1600w\" sizes=\"(max-width: 21px) 100vw, 21px\" \/>\u00a0(49) 9-8825-8827<\/p>\n<p>Mercado Ilha Redonda \u2013 49 8416.9565<\/p>\n<p>Campings<\/p>\n<p>1 \u2013 Camping do Balne\u00e1rio &#8211; Oi(49)8414-0092, TIM (49)9970-8160, Claro(49)8854-3533, <img loading=\"lazy\" class=\"alignnone wp-image-370\" src=\"http:\/\/ilharedonda.com.br\/site\/wp-content\/uploads\/2017\/10\/whatsapp-150x150.png\" alt=\"\" width=\"21\" height=\"21\" srcset=\"http:\/\/ilharedonda.com.br\/site\/wp-content\/uploads\/2017\/10\/whatsapp-150x150.png 150w, http:\/\/ilharedonda.com.br\/site\/wp-content\/uploads\/2017\/10\/whatsapp-300x300.png 300w, http:\/\/ilharedonda.com.br\/site\/wp-content\/uploads\/2017\/10\/whatsapp-768x768.png 768w, http:\/\/ilharedonda.com.br\/site\/wp-content\/uploads\/2017\/10\/whatsapp-1024x1024.png 1024w, http:\/\/ilharedonda.com.br\/site\/wp-content\/uploads\/2017\/10\/whatsapp-270x270.png 270w, http:\/\/ilharedonda.com.br\/site\/wp-content\/uploads\/2017\/10\/whatsapp-230x230.png 230w, http:\/\/ilharedonda.com.br\/site\/wp-content\/uploads\/2017\/10\/whatsapp.png 1600w\" sizes=\"(max-width: 21px) 100vw, 21px\" \/> (49) 9 8861-7120<br \/>2 \u2013 Camping do Fenner\u00a0\u00a0<img loading=\"lazy\" class=\"alignnone wp-image-370\" src=\"http:\/\/ilharedonda.com.br\/site\/wp-content\/uploads\/2017\/10\/whatsapp-150x150.png\" alt=\"\" width=\"21\" height=\"21\" srcset=\"http:\/\/ilharedonda.com.br\/site\/wp-content\/uploads\/2017\/10\/whatsapp-150x150.png 150w, http:\/\/ilharedonda.com.br\/site\/wp-content\/uploads\/2017\/10\/whatsapp-300x300.png 300w, http:\/\/ilharedonda.com.br\/site\/wp-content\/uploads\/2017\/10\/whatsapp-768x768.png 768w, http:\/\/ilharedonda.com.br\/site\/wp-content\/uploads\/2017\/10\/whatsapp-1024x1024.png 1024w, http:\/\/ilharedonda.com.br\/site\/wp-content\/uploads\/2017\/10\/whatsapp-270x270.png 270w, http:\/\/ilharedonda.com.br\/site\/wp-content\/uploads\/2017\/10\/whatsapp-230x230.png 230w, http:\/\/ilharedonda.com.br\/site\/wp-content\/uploads\/2017\/10\/whatsapp.png 1600w\" sizes=\"(max-width: 21px) 100vw, 21px\" \/>(49) 9 9923-1766<\/p>\n<p>3 \u2013 Camping da Claci 49 3199-5204\u00a0<img loading=\"lazy\" class=\"alignnone wp-image-370\" src=\"http:\/\/ilharedonda.com.br\/site\/wp-content\/uploads\/2017\/10\/whatsapp-150x150.png\" alt=\"\" width=\"21\" height=\"21\" srcset=\"http:\/\/ilharedonda.com.br\/site\/wp-content\/uploads\/2017\/10\/whatsapp-150x150.png 150w, http:\/\/ilharedonda.com.br\/site\/wp-content\/uploads\/2017\/10\/whatsapp-300x300.png 300w, http:\/\/ilharedonda.com.br\/site\/wp-content\/uploads\/2017\/10\/whatsapp-768x768.png 768w, http:\/\/ilharedonda.com.br\/site\/wp-content\/uploads\/2017\/10\/whatsapp-1024x1024.png 1024w, http:\/\/ilharedonda.com.br\/site\/wp-content\/uploads\/2017\/10\/whatsapp-270x270.png 270w, http:\/\/ilharedonda.com.br\/site\/wp-content\/uploads\/2017\/10\/whatsapp-230x230.png 230w, http:\/\/ilharedonda.com.br\/site\/wp-content\/uploads\/2017\/10\/whatsapp.png 1600w\" sizes=\"(max-width: 21px) 100vw, 21px\" \/>(49) 9-99475379<\/p>\n<p>Casas de Aluguel<\/p>\n<p>Ivete &#8211; Pouco Pre\u00e7o &#8211; Tel.: 3647.1179 e 998066117<\/p>\n<p>Antonio\/Leni Ody &#8211; 49 3199.5200<\/p>\n<p>Ademir Pifer \u2013 49 9108.0189 ou 49 3647.0295<\/p>\n<p>Claci Rottmann &#8211; 49 3199.5204\u00a0(49) 9-99475379<\/p>\n<p>Jo\u00e3o\/Cibele &#8211; 49 3647.7035<\/p>\n<p>Eloi Erpen &#8211; 49 3647.7192<\/p>\n<p>Marcon &#8211; 49 8411.9869 ou 49 9103.8372 e (49) 3199.5432<\/p>\n<p>Claudir Azolini &#8211; (49) 991345346<\/p>\n<p>Edgar &#8211; 49 3199-5229<\/p>\n<p>Clarice &#8211; 49 9810.5665 ou 49 3647.7025<\/p>\n<p>Mauricila &#8211; (49)8426.6297 e (51)8102.6293 (whatsapp)<\/p>\n<p>Cl\u00e9dio &#8211; 49 3647.0649, 49 3647.1337, 49 8803.0753, 49 8818.0331, 49 9117.8068<\/p>\n<p>Primo Valentin: 49 3647.0129, 49 9903.6945, 49 9116.0495<\/p>\n<p>Elmo Baron: 49 3647.0143, 9927.3738<\/p>\n<p>Lino Gramms: 49 3647.3337, 49 3647.7051<\/p>\n<p>Martin ou Tuti (Mercado Uruguai) &#8211; 49 3647.7024 &#8211; 49 999411060<\/p>\n<p>Ilmo Winsch &#8211; 49 3647.0105, 49 8426.2610<\/p>\n<p>Ernani &#8211; 49 3647.7023<\/p>\n<p>In\u00e1cio Ritter &#8211; 49 3647.1289, 49 9135.7382, 49 9135.7381<\/p>\n<p>Ana\/Miguel Sandri &#8211; 49 3647.9386<\/p>\n<p>Irineu Bender &#8211; 49 3647.0184, 49 9988.0444<\/p>\n<p>Vera &#8211; 49 3647.1712 no sal\u00e3o, 49 3647.1530 na casa.<\/p>\n<p>Mercado Ilha Redonda &#8211; 49 8416.9565<\/p>\n<p>Volnei Costa &#8211; 49 9104.4623 e 49 8874.0304<\/p>\n<p>Altair Hoss &#8211; 49 3366.2050, 49 8823.6287, 49 8403.7389<\/p>\n<p>Lidio Schlosser &#8211; 49 3647.0704, 49 9107.7770<\/p>\n<p>Jos\u00e9 A. Andrade &#8211; 49 3366.1439 e 49 8806.8481<\/p>\n<p>Elaine Dacroce &#8211; :36470418 ou 99929.3026 (Casa com 3 quartos sendo 2 climatizados pr\u00f3ximo ao Balne\u00e1rio).<\/p>\n<p>Marlise Hofer &#8211; 49 3647.2133 &#8211; Casa \u00e0 200 mts do Balne\u00e1rio cercada com 2 pisos.<\/p>\n<p>Alex &#8211; telefones 31995088, 988617120 , 988134281<\/p>\n<p>Alex &#8211; Tel: Aluga ou vende casa. Terreno: 720m\u00b2, com constru\u00e7\u00e3o em alvenaria de 105m\u00b2. Aceita-se Veiculo a combinar. Interessados entre em contato com Alex nos fones 49 8416.9565 ou 49 8861.7120 &#8211; 2 dormitorios.<\/p>\n<p>Jos\u00e9 A. de Andrade &#8211; 49 3366.1439 \/ 49 8806.8481<\/p>\n<p>Jos\u00e9 Grana &#8211; 49 3647-9380 (Ligar ao meio dia ou ap\u00f3s as 20:30 horas)<\/p>\n<p>M\u00e1rcio ou Luana Streck &#8211; Casa balne\u00e1rio com 3 quartos, 1 quarto \u00e9 climatizado &#8211; 49 3647-3019 \/ 49 91158052<\/p>\n<p>Jos\u00e9 Abilio Sturmer: (49) 88543533 (claro) 84140092 (oi) 99708160 (tim).<\/p>\n<p>Eloi Boff &#8211; tel: (49) 3647 1165<\/p>\n<p>Vani Brunetto: (49) 9 9921-1429<\/p>\n\n\n<p><\/p>\n","protected":false},"excerpt":{"rendered":"<p>Hot\u00e9is\/Pousadas\/Restaurante: Grande Hotel Ilha \u2013 49 3647.7190, 49 3647.7191. (49) 9-98060807 Site: www.grandehotelilha.com.br. Pousada Recanto da Ilha Redonda 49 3647.7020 (49)\u00a0(49) 9-99160807Fica \u00e0s margens do Rio Uruguai \u00e0 350 metros das piscinas. Site: www.recantodailharedonda.com.br. Hotel Brasil Village 49 3647.1459, 49<\/p>\n","protected":false},"author":1,"featured_media":0,"parent":0,"menu_order":0,"comment_status":"closed","ping_status":"closed","template":"","meta":[],"_links":{"self":[{"href":"http:\/\/ilharedonda.com.br\/site\/wp-json\/wp\/v2\/pages\/40"}],"collection":[{"href":"http:\/\/ilharedonda.com.br\/site\/wp-json\/wp\/v2\/pages"}],"about":[{"href":"http:\/\/ilharedonda.com.br\/site\/wp-json\/wp\/v2\/types\/page"}],"author":[{"embeddable":true,"href":"http:\/\/ilharedonda.com.br\/site\/wp-json\/wp\/v2\/users\/1"}],"replies":[{"embeddable":true,"href":"http:\/\/ilharedonda.com.br\/site\/wp-json\/wp\/v2\/comments?post=40"}],"version-history":[{"count":18,"href":"http:\/\/ilharedonda.com.br\/site\/wp-json\/wp\/v2\/pages\/40\/revisions"}],"predecessor-version":[{"id":679,"href":"http:\/\/ilharedonda.com.br\/site\/wp-json\/wp\/v2\/pages\/40\/revisions\/679"}],"wp:attachment":[{"href":"http:\/\/ilharedonda.com.br\/site\/wp-json\/wp\/v2\/media?parent=40"}],"curies":[{"name":"wp","href":"https:\/\/api.w.org\/{rel}","templated":true}]}}