{"id":45,"date":"2017-10-25T16:58:34","date_gmt":"2017-10-25T18:58:34","guid":{"rendered":"http:\/\/ilharedonda.com.br\/site\/?page_id=45"},"modified":"2017-10-25T17:15:08","modified_gmt":"2017-10-25T19:15:08","slug":"municipio","status":"publish","type":"page","link":"http:\/\/ilharedonda.com.br\/site\/municipio\/","title":{"rendered":"Munic\u00edpio"},"content":{"rendered":"<table width=\"458\">\n<tbody>\n<tr>\n<td width=\"33%\">Emancipa\u00e7\u00e3o:<\/td>\n<td width=\"67%\">2 de mar\u00e7o de 1954<\/td>\n<\/tr>\n<tr>\n<td width=\"33%\">Origem \u00e9tnica principal:<\/td>\n<td width=\"67%\">Italiana e Alem\u00e3<\/td>\n<\/tr>\n<tr>\n<td width=\"33%\">\u00c1rea Territorial:<\/td>\n<td width=\"67%\">372 km2<\/td>\n<\/tr>\n<tr>\n<td width=\"33%\">Popula\u00e7\u00e3o:<\/td>\n<td width=\"67%\">16.033 habitantes<\/td>\n<\/tr>\n<tr>\n<td width=\"33%\">Localiza\u00e7\u00e3o:<\/td>\n<td width=\"67%\">Sul do Brasil \/ Regi\u00e3o Oeste Catarinense<\/td>\n<\/tr>\n<tr>\n<td width=\"33%\">Clima:<\/td>\n<td width=\"67%\">Subtromical \u00damido<\/td>\n<\/tr>\n<tr>\n<td width=\"33%\">Temperatura:<\/td>\n<td width=\"67%\">0\u00ba C m\u00ednima<\/p>\n<p>38\u00ba C m\u00e1xima<\/td>\n<\/tr>\n<tr>\n<td width=\"33%\">Distancia da Capital:<\/td>\n<td width=\"67%\">620 Km<\/td>\n<\/tr>\n<\/tbody>\n<\/table>\n","protected":false},"excerpt":{"rendered":"<p>Emancipa\u00e7\u00e3o: 2 de mar\u00e7o de 1954 Origem \u00e9tnica principal: Italiana e Alem\u00e3 \u00c1rea Territorial: 372 km2 Popula\u00e7\u00e3o: 16.033 habitantes Localiza\u00e7\u00e3o: Sul do Brasil \/ Regi\u00e3o Oeste Catarinense Clima: Subtromical \u00damido Temperatura: 0\u00ba C m\u00ednima 38\u00ba C m\u00e1xima Distancia da Capital:<\/p>\n","protected":false},"author":1,"featured_media":0,"parent":0,"menu_order":0,"comment_status":"closed","ping_status":"closed","template":"","meta":[],"_links":{"self":[{"href":"http:\/\/ilharedonda.com.br\/site\/wp-json\/wp\/v2\/pages\/45"}],"collection":[{"href":"http:\/\/ilharedonda.com.br\/site\/wp-json\/wp\/v2\/pages"}],"about":[{"href":"http:\/\/ilharedonda.com.br\/site\/wp-json\/wp\/v2\/types\/page"}],"author":[{"embeddable":true,"href":"http:\/\/ilharedonda.com.br\/site\/wp-json\/wp\/v2\/users\/1"}],"replies":[{"embeddable":true,"href":"http:\/\/ilharedonda.com.br\/site\/wp-json\/wp\/v2\/comments?post=45"}],"version-history":[{"count":1,"href":"http:\/\/ilharedonda.com.br\/site\/wp-json\/wp\/v2\/pages\/45\/revisions"}],"predecessor-version":[{"id":46,"href":"http:\/\/ilharedonda.com.br\/site\/wp-json\/wp\/v2\/pages\/45\/revisions\/46"}],"wp:attachment":[{"href":"http:\/\/ilharedonda.com.br\/site\/wp-json\/wp\/v2\/media?parent=45"}],"curies":[{"name":"wp","href":"https:\/\/api.w.org\/{rel}","templated":true}]}}