{"id":6,"date":"2017-10-25T16:34:08","date_gmt":"2017-10-25T18:34:08","guid":{"rendered":"http:\/\/ilharedonda.com.br\/site\/?page_id=6"},"modified":"2020-03-19T09:29:44","modified_gmt":"2020-03-19T12:29:44","slug":"pagina-inicial","status":"publish","type":"page","link":"http:\/\/ilharedonda.com.br\/site\/","title":{"rendered":"P\u00e1gina inicial"},"content":{"rendered":"<p><img loading=\"lazy\" class=\"alignleft size-thumbnail wp-image-585\" src=\"http:\/\/ilharedonda.com.br\/site\/wp-content\/uploads\/2017\/10\/comunicado-balneario-150x150.png\" alt=\"\" width=\"150\" height=\"150\" srcset=\"http:\/\/ilharedonda.com.br\/site\/wp-content\/uploads\/2017\/10\/comunicado-balneario-150x150.png 150w, http:\/\/ilharedonda.com.br\/site\/wp-content\/uploads\/2017\/10\/comunicado-balneario-270x270.png 270w, http:\/\/ilharedonda.com.br\/site\/wp-content\/uploads\/2017\/10\/comunicado-balneario-230x230.png 230w\" sizes=\"(max-width: 150px) 100vw, 150px\" \/>Bem-vindo(a) ao seu site! Est\u00e1 \u00e9 sua p\u00e1gina inicial, que \u00e9 a p\u00e1gina que a maioria dos visitantes vai ver quando acessarem o seu site pela primeira vez.<br \/>\nCOMUNICADO:<br \/>\nInformamos aos nossos clientes que conforme decreto 515 do Governo do Estado e por determina\u00e7\u00f5es do Munic\u00edpio de Palmitos, estamos interrompendo o atendimento junto ao parque aqu\u00e1tico no per\u00edodo de 20 a 26 de mar\u00e7o, para preven\u00e7\u00e3o \u00e0 COVID-19.<\/p>\n","protected":false},"excerpt":{"rendered":"<p>Bem-vindo(a) ao seu site! Est\u00e1 \u00e9 sua p\u00e1gina inicial, que \u00e9 a p\u00e1gina que a maioria dos visitantes vai ver quando acessarem o seu site pela primeira vez. COMUNICADO: Informamos aos nossos clientes que conforme decreto 515 do Governo do<\/p>\n","protected":false},"author":1,"featured_media":0,"parent":0,"menu_order":0,"comment_status":"closed","ping_status":"closed","template":"page-templates\/business.php","meta":[],"_links":{"self":[{"href":"http:\/\/ilharedonda.com.br\/site\/wp-json\/wp\/v2\/pages\/6"}],"collection":[{"href":"http:\/\/ilharedonda.com.br\/site\/wp-json\/wp\/v2\/pages"}],"about":[{"href":"http:\/\/ilharedonda.com.br\/site\/wp-json\/wp\/v2\/types\/page"}],"author":[{"embeddable":true,"href":"http:\/\/ilharedonda.com.br\/site\/wp-json\/wp\/v2\/users\/1"}],"replies":[{"embeddable":true,"href":"http:\/\/ilharedonda.com.br\/site\/wp-json\/wp\/v2\/comments?post=6"}],"version-history":[{"count":3,"href":"http:\/\/ilharedonda.com.br\/site\/wp-json\/wp\/v2\/pages\/6\/revisions"}],"predecessor-version":[{"id":587,"href":"http:\/\/ilharedonda.com.br\/site\/wp-json\/wp\/v2\/pages\/6\/revisions\/587"}],"wp:attachment":[{"href":"http:\/\/ilharedonda.com.br\/site\/wp-json\/wp\/v2\/media?parent=6"}],"curies":[{"name":"wp","href":"https:\/\/api.w.org\/{rel}","templated":true}]}}